{"id":1649,"date":"2020-11-28T19:38:40","date_gmt":"2020-11-28T19:38:40","guid":{"rendered":"http:\/\/vuckotrail.ba\/prijave\/"},"modified":"2025-12-01T08:42:57","modified_gmt":"2025-12-01T08:42:57","slug":"prijave","status":"publish","type":"page","link":"https:\/\/vuckotrail.ba\/bs\/prijave\/","title":{"rendered":"Prijave"},"content":{"rendered":"\t\t<div data-elementor-type=\"wp-page\" data-elementor-id=\"1649\" class=\"elementor elementor-1649\" data-elementor-post-type=\"page\">\n\t\t\t\t\t\t<section class=\"elementor-section elementor-top-section elementor-element elementor-element-353b4616 elementor-section-full_width elementor-section-stretched elementor-section-height-default elementor-section-height-default\" data-id=\"353b4616\" data-element_type=\"section\" data-settings=\"{&quot;stretch_section&quot;:&quot;section-stretched&quot;,&quot;shape_divider_bottom&quot;:&quot;mountains&quot;}\">\n\t\t\t\t\t<div class=\"elementor-shape elementor-shape-bottom\" data-negative=\"false\">\n\t\t\t<svg xmlns=\"http:\/\/www.w3.org\/2000\/svg\" viewBox=\"0 0 1000 100\" preserveAspectRatio=\"none\">\n\t<path class=\"elementor-shape-fill\" opacity=\"0.33\" d=\"M473,67.3c-203.9,88.3-263.1-34-320.3,0C66,119.1,0,59.7,0,59.7V0h1000v59.7 c0,0-62.1,26.1-94.9,29.3c-32.8,3.3-62.8-12.3-75.8-22.1C806,49.6,745.3,8.7,694.9,4.7S492.4,59,473,67.3z\"\/>\n\t<path class=\"elementor-shape-fill\" opacity=\"0.66\" d=\"M734,67.3c-45.5,0-77.2-23.2-129.1-39.1c-28.6-8.7-150.3-10.1-254,39.1 s-91.7-34.4-149.2,0C115.7,118.3,0,39.8,0,39.8V0h1000v36.5c0,0-28.2-18.5-92.1-18.5C810.2,18.1,775.7,67.3,734,67.3z\"\/>\n\t<path class=\"elementor-shape-fill\" d=\"M766.1,28.9c-200-57.5-266,65.5-395.1,19.5C242,1.8,242,5.4,184.8,20.6C128,35.8,132.3,44.9,89.9,52.5C28.6,63.7,0,0,0,0 h1000c0,0-9.9,40.9-83.6,48.1S829.6,47,766.1,28.9z\"\/>\n<\/svg>\t\t<\/div>\n\t\t\t\t\t<div class=\"elementor-container elementor-column-gap-no\">\n\t\t\t\t\t<div class=\"elementor-column elementor-col-100 elementor-top-column elementor-element elementor-element-7e57a61d\" data-id=\"7e57a61d\" data-element_type=\"column\">\n\t\t\t<div class=\"elementor-widget-wrap elementor-element-populated\">\n\t\t\t\t\t\t<div class=\"elementor-element elementor-element-6477a468 elementor-widget elementor-widget-heading\" data-id=\"6477a468\" data-element_type=\"widget\" data-widget_type=\"heading.default\">\n\t\t\t\t<div class=\"elementor-widget-container\">\n\t\t\t<h1 class=\"elementor-heading-title elementor-size-xxl\">PRIJAVE<\/h1>\t\t<\/div>\n\t\t\t\t<\/div>\n\t\t\t\t\t<\/div>\n\t\t<\/div>\n\t\t\t\t\t<\/div>\n\t\t<\/section>\n\t\t\t\t<section class=\"elementor-section elementor-top-section elementor-element elementor-element-e777ca3 elementor-section-boxed elementor-section-height-default elementor-section-height-default\" data-id=\"e777ca3\" data-element_type=\"section\">\n\t\t\t\t\t\t<div class=\"elementor-container elementor-column-gap-default\">\n\t\t\t\t\t<div class=\"elementor-column elementor-col-100 elementor-top-column elementor-element elementor-element-668b4d4\" data-id=\"668b4d4\" data-element_type=\"column\">\n\t\t\t<div class=\"elementor-widget-wrap elementor-element-populated\">\n\t\t\t\t\t\t<section class=\"elementor-section elementor-inner-section elementor-element elementor-element-ca46109 elementor-hidden-tablet elementor-hidden-phone elementor-section-boxed elementor-section-height-default elementor-section-height-default\" data-id=\"ca46109\" data-element_type=\"section\">\n\t\t\t\t\t\t<div class=\"elementor-container elementor-column-gap-default\">\n\t\t\t\t\t<div class=\"elementor-column elementor-col-20 elementor-inner-column elementor-element elementor-element-865d565\" data-id=\"865d565\" data-element_type=\"column\">\n\t\t\t<div class=\"elementor-widget-wrap elementor-element-populated\">\n\t\t\t\t\t\t<div class=\"elementor-element elementor-element-33959ce elementor-align-center elementor-widget elementor-widget-button\" data-id=\"33959ce\" data-element_type=\"widget\" data-widget_type=\"button.default\">\n\t\t\t\t<div class=\"elementor-widget-container\">\n\t\t\t\t\t<div class=\"elementor-button-wrapper\">\n\t\t\t<a class=\"elementor-button elementor-button-link elementor-size-sm\" href=\"https:\/\/vuckotrail.ba\/bs\/105km-staza\/\">\n\t\t\t\t\t\t<span class=\"elementor-button-content-wrapper\">\n\t\t\t\t\t\t\t\t\t<span class=\"elementor-button-text\">Prijave za CRNU Stazu (105 km)<\/span>\n\t\t\t\t\t<\/span>\n\t\t\t\t\t<\/a>\n\t\t<\/div>\n\t\t\t\t<\/div>\n\t\t\t\t<\/div>\n\t\t\t\t\t<\/div>\n\t\t<\/div>\n\t\t\t\t<div class=\"elementor-column elementor-col-20 elementor-inner-column elementor-element elementor-element-8e3bd8b\" data-id=\"8e3bd8b\" data-element_type=\"column\">\n\t\t\t<div class=\"elementor-widget-wrap elementor-element-populated\">\n\t\t\t\t\t\t<div class=\"elementor-element elementor-element-1902c48 elementor-align-center elementor-widget elementor-widget-button\" data-id=\"1902c48\" data-element_type=\"widget\" data-widget_type=\"button.default\">\n\t\t\t\t<div class=\"elementor-widget-container\">\n\t\t\t\t\t<div class=\"elementor-button-wrapper\">\n\t\t\t<a class=\"elementor-button elementor-button-link elementor-size-sm\" href=\"https:\/\/vuckotrail.ba\/bs\/60-km-staza\/\">\n\t\t\t\t\t\t<span class=\"elementor-button-content-wrapper\">\n\t\t\t\t\t\t\t\t\t<span class=\"elementor-button-text\">Prijave za CRVENU Stazu (60 km)<\/span>\n\t\t\t\t\t<\/span>\n\t\t\t\t\t<\/a>\n\t\t<\/div>\n\t\t\t\t<\/div>\n\t\t\t\t<\/div>\n\t\t\t\t\t<\/div>\n\t\t<\/div>\n\t\t\t\t<div class=\"elementor-column elementor-col-20 elementor-inner-column elementor-element elementor-element-5474f8c\" data-id=\"5474f8c\" data-element_type=\"column\">\n\t\t\t<div class=\"elementor-widget-wrap elementor-element-populated\">\n\t\t\t\t\t\t<div class=\"elementor-element elementor-element-7dd0301 elementor-align-center elementor-widget elementor-widget-button\" data-id=\"7dd0301\" data-element_type=\"widget\" data-widget_type=\"button.default\">\n\t\t\t\t<div class=\"elementor-widget-container\">\n\t\t\t\t\t<div class=\"elementor-button-wrapper\">\n\t\t\t<a class=\"elementor-button elementor-button-link elementor-size-sm\" href=\"https:\/\/vuckotrail.ba\/bs\/40km-staza\/\">\n\t\t\t\t\t\t<span class=\"elementor-button-content-wrapper\">\n\t\t\t\t\t\t\t\t\t<span class=\"elementor-button-text\">Prijave za PLAVU Stazu (40 km)<\/span>\n\t\t\t\t\t<\/span>\n\t\t\t\t\t<\/a>\n\t\t<\/div>\n\t\t\t\t<\/div>\n\t\t\t\t<\/div>\n\t\t\t\t\t<\/div>\n\t\t<\/div>\n\t\t\t\t<div class=\"elementor-column elementor-col-20 elementor-inner-column elementor-element elementor-element-b68d3f2\" data-id=\"b68d3f2\" data-element_type=\"column\">\n\t\t\t<div class=\"elementor-widget-wrap elementor-element-populated\">\n\t\t\t\t\t\t<div class=\"elementor-element elementor-element-9a5b670 elementor-align-center elementor-widget elementor-widget-button\" data-id=\"9a5b670\" data-element_type=\"widget\" data-widget_type=\"button.default\">\n\t\t\t\t<div class=\"elementor-widget-container\">\n\t\t\t\t\t<div class=\"elementor-button-wrapper\">\n\t\t\t<a class=\"elementor-button elementor-button-link elementor-size-sm\" href=\"https:\/\/vuckotrail.ba\/bs\/26km-staza\/\">\n\t\t\t\t\t\t<span class=\"elementor-button-content-wrapper\">\n\t\t\t\t\t\t\t\t\t<span class=\"elementor-button-text\">Prijave za \u017dUTU Stazu (26 km)<\/span>\n\t\t\t\t\t<\/span>\n\t\t\t\t\t<\/a>\n\t\t<\/div>\n\t\t\t\t<\/div>\n\t\t\t\t<\/div>\n\t\t\t\t\t<\/div>\n\t\t<\/div>\n\t\t\t\t<div class=\"elementor-column elementor-col-20 elementor-inner-column elementor-element elementor-element-fb997b6\" data-id=\"fb997b6\" data-element_type=\"column\">\n\t\t\t<div class=\"elementor-widget-wrap elementor-element-populated\">\n\t\t\t\t\t\t<div class=\"elementor-element elementor-element-21d5318 elementor-align-center elementor-widget elementor-widget-button\" data-id=\"21d5318\" data-element_type=\"widget\" data-widget_type=\"button.default\">\n\t\t\t\t<div class=\"elementor-widget-container\">\n\t\t\t\t\t<div class=\"elementor-button-wrapper\">\n\t\t\t<a class=\"elementor-button elementor-button-link elementor-size-sm\" href=\"https:\/\/vuckotrail.ba\/bs\/14km-staza\/\">\n\t\t\t\t\t\t<span class=\"elementor-button-content-wrapper\">\n\t\t\t\t\t\t\t\t\t<span class=\"elementor-button-text\">Prijave za ZELENU Stazu (14 km)<\/span>\n\t\t\t\t\t<\/span>\n\t\t\t\t\t<\/a>\n\t\t<\/div>\n\t\t\t\t<\/div>\n\t\t\t\t<\/div>\n\t\t\t\t\t<\/div>\n\t\t<\/div>\n\t\t\t\t\t<\/div>\n\t\t<\/section>\n\t\t\t\t\t<\/div>\n\t\t<\/div>\n\t\t\t\t\t<\/div>\n\t\t<\/section>\n\t\t\t\t<section class=\"elementor-section elementor-top-section elementor-element elementor-element-574ea336 elementor-section-boxed elementor-section-height-default elementor-section-height-default\" data-id=\"574ea336\" data-element_type=\"section\">\n\t\t\t\t\t\t<div class=\"elementor-container elementor-column-gap-no\">\n\t\t\t\t\t<div class=\"elementor-column elementor-col-100 elementor-top-column elementor-element elementor-element-392055c7\" data-id=\"392055c7\" data-element_type=\"column\">\n\t\t\t<div class=\"elementor-widget-wrap elementor-element-populated\">\n\t\t\t\t\t\t<div class=\"elementor-element elementor-element-2ad50c4 elementor-widget elementor-widget-heading\" data-id=\"2ad50c4\" data-element_type=\"widget\" data-widget_type=\"heading.default\">\n\t\t\t\t<div class=\"elementor-widget-container\">\n\t\t\t<h2 class=\"elementor-heading-title elementor-size-default\"><h2 style=\"font-family: Roboto, sans-serif;font-style: normal;white-space: normal\">Prijave na utrku idu isklju\u010divo preko web site-a vuckotrail.ba\n<\/h2><\/h2>\t\t<\/div>\n\t\t\t\t<\/div>\n\t\t\t\t<section class=\"elementor-section elementor-inner-section elementor-element elementor-element-6bba7ef elementor-section-boxed elementor-section-height-default elementor-section-height-default\" data-id=\"6bba7ef\" data-element_type=\"section\">\n\t\t\t\t\t\t<div class=\"elementor-container elementor-column-gap-no\">\n\t\t\t\t\t<div class=\"elementor-column elementor-col-100 elementor-inner-column elementor-element elementor-element-32fb5ee\" data-id=\"32fb5ee\" data-element_type=\"column\">\n\t\t\t<div class=\"elementor-widget-wrap elementor-element-populated\">\n\t\t\t\t\t\t<div class=\"elementor-element elementor-element-9954c85 elementor-hidden-desktop elementor-widget elementor-widget-button\" data-id=\"9954c85\" data-element_type=\"widget\" data-widget_type=\"button.default\">\n\t\t\t\t<div class=\"elementor-widget-container\">\n\t\t\t\t\t<div class=\"elementor-button-wrapper\">\n\t\t\t<a class=\"elementor-button elementor-button-link elementor-size-sm\" href=\"https:\/\/vuckotrail.ba\/bs\/105km-staza\/\" target=\"_blank\">\n\t\t\t\t\t\t<span class=\"elementor-button-content-wrapper\">\n\t\t\t\t\t\t\t\t\t<span class=\"elementor-button-text\">Prijave za CRNU Stazu (105 km)<\/span>\n\t\t\t\t\t<\/span>\n\t\t\t\t\t<\/a>\n\t\t<\/div>\n\t\t\t\t<\/div>\n\t\t\t\t<\/div>\n\t\t\t\t<div class=\"elementor-element elementor-element-b832f96 elementor-hidden-desktop elementor-widget elementor-widget-button\" data-id=\"b832f96\" data-element_type=\"widget\" data-widget_type=\"button.default\">\n\t\t\t\t<div class=\"elementor-widget-container\">\n\t\t\t\t\t<div class=\"elementor-button-wrapper\">\n\t\t\t<a class=\"elementor-button elementor-button-link elementor-size-sm\" href=\"https:\/\/vuckotrail.ba\/bs\/60-km-staza\/\" target=\"_blank\">\n\t\t\t\t\t\t<span class=\"elementor-button-content-wrapper\">\n\t\t\t\t\t\t\t\t\t<span class=\"elementor-button-text\">Prijave za CRVENU Stazu (60 km)<\/span>\n\t\t\t\t\t<\/span>\n\t\t\t\t\t<\/a>\n\t\t<\/div>\n\t\t\t\t<\/div>\n\t\t\t\t<\/div>\n\t\t\t\t<div class=\"elementor-element elementor-element-2712a88 elementor-hidden-desktop elementor-widget elementor-widget-button\" data-id=\"2712a88\" data-element_type=\"widget\" data-widget_type=\"button.default\">\n\t\t\t\t<div class=\"elementor-widget-container\">\n\t\t\t\t\t<div class=\"elementor-button-wrapper\">\n\t\t\t<a class=\"elementor-button elementor-button-link elementor-size-sm\" href=\"https:\/\/vuckotrail.ba\/bs\/40km-staza\/\" target=\"_blank\">\n\t\t\t\t\t\t<span class=\"elementor-button-content-wrapper\">\n\t\t\t\t\t\t\t\t\t<span class=\"elementor-button-text\">Prijave za PLAVU Stazu (40 km)<\/span>\n\t\t\t\t\t<\/span>\n\t\t\t\t\t<\/a>\n\t\t<\/div>\n\t\t\t\t<\/div>\n\t\t\t\t<\/div>\n\t\t\t\t<div class=\"elementor-element elementor-element-ca3bf2a elementor-hidden-desktop elementor-widget elementor-widget-button\" data-id=\"ca3bf2a\" data-element_type=\"widget\" data-widget_type=\"button.default\">\n\t\t\t\t<div class=\"elementor-widget-container\">\n\t\t\t\t\t<div class=\"elementor-button-wrapper\">\n\t\t\t<a class=\"elementor-button elementor-button-link elementor-size-sm\" href=\"https:\/\/vuckotrail.ba\/bs\/26km-staza\/\" target=\"_blank\">\n\t\t\t\t\t\t<span class=\"elementor-button-content-wrapper\">\n\t\t\t\t\t\t\t\t\t<span class=\"elementor-button-text\">Prijave za \u017dATU Stazu (26 km)<\/span>\n\t\t\t\t\t<\/span>\n\t\t\t\t\t<\/a>\n\t\t<\/div>\n\t\t\t\t<\/div>\n\t\t\t\t<\/div>\n\t\t\t\t<div class=\"elementor-element elementor-element-4d2f964 elementor-hidden-desktop elementor-widget elementor-widget-button\" data-id=\"4d2f964\" data-element_type=\"widget\" data-widget_type=\"button.default\">\n\t\t\t\t<div class=\"elementor-widget-container\">\n\t\t\t\t\t<div class=\"elementor-button-wrapper\">\n\t\t\t<a class=\"elementor-button elementor-button-link elementor-size-sm\" href=\"https:\/\/vuckotrail.ba\/bs\/14km-staza\/\">\n\t\t\t\t\t\t<span class=\"elementor-button-content-wrapper\">\n\t\t\t\t\t\t\t\t\t<span class=\"elementor-button-text\">Prijave za ZELENU Stazu (14 km)<\/span>\n\t\t\t\t\t<\/span>\n\t\t\t\t\t<\/a>\n\t\t<\/div>\n\t\t\t\t<\/div>\n\t\t\t\t<\/div>\n\t\t\t\t\t<\/div>\n\t\t<\/div>\n\t\t\t\t\t<\/div>\n\t\t<\/section>\n\t\t\t\t<div class=\"elementor-element elementor-element-445de5a elementor-widget elementor-widget-text-editor\" data-id=\"445de5a\" data-element_type=\"widget\" data-widget_type=\"text-editor.default\">\n\t\t\t\t<div class=\"elementor-widget-container\">\n\t\t\t\t\t\t\t<p><b>CIJENE I INSTRUKCIJE ZA UPLATU STARTNINE<\/b><\/p><p><span style=\"font-weight: 400;\">Startnina se upla\u0107uje karti\u010dnom transakcijom putem web shop-a ili na transakcijski ra\u010dun PD \u017deljezni\u010dar kod Unicredit Banke d.d.: <\/span><span style=\"font-weight: 400;\">3389002207592455,<\/span><span style=\"font-weight: 400;\"> najkasnije do petka,<\/span><span style=\"font-weight: 400;\"> 15.5.2026. u 23:59 ili do popunjavanja kapaciteta trke<\/span><span style=\"font-weight: 400;\">, u punom iznosu.<\/span><\/p><ul><li style=\"font-weight: 400;\" aria-level=\"1\"><span style=\"font-weight: 400;\"><strong>CRNA<\/strong> Staza 105 km:<\/span><\/li><\/ul><p><span style=\"font-weight: 400;\">01.12.2025. &#8211; 28.02.2026.: 160KM (80EUR)<\/span><span style=\"font-weight: 400;\"><br \/><\/span> <span style=\"font-weight: 400;\">01.03.2026. \u2013 15.05.2026.: 220KM (110EUR)\u00a0<\/span><\/p><ul><li style=\"font-weight: 400;\" aria-level=\"1\"><span style=\"font-weight: 400; color: #ff0000;\">CRVENA<\/span><span style=\"font-weight: 400;\"> Staza 60 km:<\/span><\/li><\/ul><p><span style=\"font-weight: 400;\">01.12.2025. \u2013 28.02.2026.: 100KM (50EUR)<br \/><\/span><span style=\"font-weight: 400;\">01.03.2026. \u2013 15.05.2026.: 130KM (65EUR)\u00a0<\/span><\/p><ul><li style=\"font-weight: 400;\" aria-level=\"1\"><span style=\"font-weight: 400; color: #3366ff;\">PLAVA<\/span><span style=\"font-weight: 400;\"> Staza 40 km:<\/span><\/li><\/ul><p><span style=\"font-weight: 400;\">01.12.2025. \u2013 28.02.2026.: 80KM (40EUR)<br \/>01.03.2026. \u2013 15.05.2026.: 100KM (50EUR)<\/span><\/p><ul><li style=\"font-weight: 400;\" aria-level=\"1\"><span style=\"font-weight: 400; color: #ffcc00;\">\u017dUTA<\/span><span style=\"font-weight: 400;\"> Staza 26 km:<\/span><\/li><\/ul><p><span style=\"font-weight: 400;\">01.12.2025. \u2013 28.02.2026.: 70KM (35EUR)<br \/>01.03.2026. \u2013 15.05.2026.: 90KM (45EUR)<\/span><\/p><ul><li style=\"font-weight: 400;\" aria-level=\"1\"><span style=\"font-weight: 400; color: #99cc00;\"><span style=\"color: #008000;\">ZELENA<\/span> <\/span><span style=\"font-weight: 400;\">Staza 14 km:<\/span><\/li><\/ul><p><span style=\"font-weight: 400;\">01.12.2025. \u2013 28.02.2026.: 60KM (30EUR)<br \/>01.03.2026. \u2013 15.05.2026.: 80KM (40EUR)<\/span><\/p><p><span style=\"font-weight: 400;\">Popust na grupne prijave nije dozvoljen u periodu trajanja promotivnih (early bird) cijena. Nakon promotivnog perioda, na grupne prijave mogu\u0107e je odobrenje popusta od -10% za grupe ve\u0107e od 10 takmi\u010dara, a obra\u010dunato na va\u017ee\u0107e cijene u tom trenutku.<\/span><\/p><p><span style=\"font-weight: 400;\">Pravo na besplatnu startninu na Vu\u010dko Trail 2026. ostvarili su:<\/span><\/p><p><span style=\"font-weight: 400;\">Pobjednici zadnjeg odr\u017eanog izdanja Vu\u010dko traila:<\/span><\/p><ul><li style=\"font-weight: 400;\" aria-level=\"1\"><span style=\"font-weight: 400;\">105 km: Darija Bostjan\u010di\u0107 i Aldin Rizvi\u0107<\/span><\/li><li style=\"font-weight: 400;\" aria-level=\"1\"><span style=\"font-weight: 400;\">60 km: Varvara Shikanova i Goran \u0160arlija\u00a0<\/span><\/li><li style=\"font-weight: 400;\" aria-level=\"1\"><span style=\"font-weight: 400;\">40 km: Alma Alijagi\u0107 i Sanel Uzunovic<\/span><\/li><li style=\"font-weight: 400;\" aria-level=\"1\"><span style=\"font-weight: 400;\">14 km: Irma Kristi\u0107 i Alen Memi\u0107<\/span><\/li><\/ul><p><span style=\"font-weight: 400;\">Nosioci najboljeg vremena staze:<\/span><\/p><ul><li style=\"font-weight: 400;\" aria-level=\"1\"><span style=\"font-weight: 400;\">105 km: Darija Bostjan\u010di\u0107 i Aldin Rizvi\u0107<\/span><\/li><li style=\"font-weight: 400;\" aria-level=\"1\"><span style=\"font-weight: 400;\">60 km: Varvara Shikanova i Daniel Krstulovi\u0107 Opara<\/span><\/li><li style=\"font-weight: 400;\" aria-level=\"1\"><span style=\"font-weight: 400;\">40 km: Alma Alijagi\u0107 i Sanel Uzunovic<\/span><\/li><li style=\"font-weight: 400;\" aria-level=\"1\"><span style=\"font-weight: 400;\">14 km: Irma Kristi\u0107 i Alen Memi\u0107<\/span><\/li><\/ul><p><span style=\"font-weight: 400;\">U\u010desnici svih dosada\u0161njih izdanja Vu\u010dko traila:<\/span><\/p><ul><li style=\"font-weight: 400;\" aria-level=\"1\"><span style=\"font-weight: 400;\">Kapetanovi\u0107 Jenko \u0160ejla, Kli\u010di\u0107 Mirsad, Muli\u0107 Vernes<\/span><\/li><\/ul><p><span style=\"font-weight: 400;\">pod uslovom da \u017eele u\u010destvovati na Vu\u010dko trail 2026, trebaju se prijaviti putem <\/span><a href=\"http:\/\/vuckotrail.ba\"><span style=\"font-weight: 400;\">vuckotrail.ba<\/span><\/a><span style=\"font-weight: 400;\"> na \u017eeljenu trku, te se javiti organizatoru najkasnije do petka, 15.05.2026. putem maila <\/span><span style=\"font-weight: 400;\">info@vuckotrail.ba<\/span><span style=\"font-weight: 400;\">.<\/span><\/p><p><span style=\"font-weight: 400;\">NA\u010cIN UPLATE STARTNINE<\/span><\/p><ul><li style=\"font-weight: 400;\" aria-level=\"1\"><span style=\"font-weight: 400;\">Uplate iz BIH direktno na transakcijski ra\u010dun:<\/span><\/li><\/ul><p><span style=\"font-weight: 400;\">Primalac: PD \u017deljezni\u010dar, 71000 Sarajevo, Klju\u010dka 2<\/span><\/p><p><span style=\"font-weight: 400;\">Ra\u010dun: 3389002207592455, UniCredit banka<\/span><\/p><p><span style=\"font-weight: 400;\">Svrha: Vucko Trail 2026\/ Staza\/ Ime i prezime trka\u010da \/ Broj telefona<\/span><\/p><p><span style=\"font-weight: 400;\">ili<\/span><\/p><ul><li style=\"font-weight: 400;\" aria-level=\"1\"><span style=\"font-weight: 400;\">Karti\u010dnom uplatom putem web shop-a vuckotrail.ba<\/span><\/li><\/ul><p><span style=\"font-weight: 400;\">OTKAZIVANJE U\u010cE\u0160\u0106A I POSTUPANJE SA UPLA\u0106ENIM STARTNINAMA<\/span><\/p><p><span style=\"font-weight: 400;\">U slu\u010daju da takmi\u010dar \u017eeli da otka\u017ee registraciju, du\u017ean je poslati obavje\u0161tenje putem e-maila na adresu: info@vuckotrail.ba, uz po\u0161tivanje sljede\u0107ih pravila:<\/span><\/p><ul><li style=\"font-weight: 400;\" aria-level=\"1\"><span style=\"font-weight: 400;\">takmi\u010dare koji po\u0161alju prijavu za trku, a ne uplate startninu do 15.05.2026. smatrat \u0107emo odustalima.<\/span><\/li><li style=\"font-weight: 400;\" aria-level=\"1\"><span style=\"font-weight: 400;\">takmi\u010dari koji su izvr\u0161ili uplatu startnine, te se do 15.05.2026. obrate organizatoru putem maila (info@vuckotrail.ba) sa informacijom da \u017eele da odustanu, dobit \u0107e povrat 50% startnine ili mogu prebaciti istu za Vu\u010dko trail 2027.<\/span><\/li><\/ul><p><span style=\"font-weight: 400;\">Svi takmi\u010dari koji su uplatili startninu, ali odustanu nakon 15.05.2026., a da o tome prethodno nisu obavijestili organizatora putem maila (info@vuckotrail.ba)\u00a0 ne\u0107e dobiti povrat startnine, ali mogu preuzeti majicu trke, najkasnije mjesec dana nakon zavr\u0161etka trke.<\/span><\/p>\t\t\t\t\t\t<\/div>\n\t\t\t\t<\/div>\n\t\t\t\t\t<\/div>\n\t\t<\/div>\n\t\t\t\t\t<\/div>\n\t\t<\/section>\n\t\t\t\t<\/div>\n\t\t","protected":false},"excerpt":{"rendered":"<p>PRIJAVE Prijave za CRNU Stazu (105 km) Prijave za CRVENU Stazu (60 km) Prijave za PLAVU Stazu (40 km) Prijave za \u017dUTU Stazu (26 km) Prijave za ZELENU Stazu (14 km) Prijave na utrku idu isklju\u010divo preko web site-a vuckotrail.ba Prijave za CRNU Stazu (105 km) Prijave za CRVENU Stazu (60 km) Prijave za PLAVU [&hellip;]<\/p>\n","protected":false},"author":1,"featured_media":0,"parent":0,"menu_order":0,"comment_status":"closed","ping_status":"closed","template":"","meta":{"_monsterinsights_skip_tracking":false,"_monsterinsights_sitenote_active":false,"_monsterinsights_sitenote_note":"","_monsterinsights_sitenote_category":0,"footnotes":""},"class_list":["post-1649","page","type-page","status-publish","hentry","entry","owp-thumbs-layout-horizontal","owp-btn-normal","owp-tabs-layout-horizontal","has-no-thumbnails","has-product-nav"],"_links":{"self":[{"href":"https:\/\/vuckotrail.ba\/bs\/wp-json\/wp\/v2\/pages\/1649","targetHints":{"allow":["GET"]}}],"collection":[{"href":"https:\/\/vuckotrail.ba\/bs\/wp-json\/wp\/v2\/pages"}],"about":[{"href":"https:\/\/vuckotrail.ba\/bs\/wp-json\/wp\/v2\/types\/page"}],"author":[{"embeddable":true,"href":"https:\/\/vuckotrail.ba\/bs\/wp-json\/wp\/v2\/users\/1"}],"replies":[{"embeddable":true,"href":"https:\/\/vuckotrail.ba\/bs\/wp-json\/wp\/v2\/comments?post=1649"}],"version-history":[{"count":206,"href":"https:\/\/vuckotrail.ba\/bs\/wp-json\/wp\/v2\/pages\/1649\/revisions"}],"predecessor-version":[{"id":6055,"href":"https:\/\/vuckotrail.ba\/bs\/wp-json\/wp\/v2\/pages\/1649\/revisions\/6055"}],"wp:attachment":[{"href":"https:\/\/vuckotrail.ba\/bs\/wp-json\/wp\/v2\/media?parent=1649"}],"curies":[{"name":"wp","href":"https:\/\/api.w.org\/{rel}","templated":true}]}}