{"id":1593,"date":"2020-03-22T12:42:51","date_gmt":"2020-03-22T12:42:51","guid":{"rendered":"http:\/\/vuckotrail.ba\/smjestaj\/"},"modified":"2025-05-21T16:57:18","modified_gmt":"2025-05-21T16:57:18","slug":"smjestaj","status":"publish","type":"page","link":"http:\/\/vuckotrail.ba\/bs\/smjestaj\/","title":{"rendered":"Smje\u0161taj"},"content":{"rendered":"\t\t<div data-elementor-type=\"wp-page\" data-elementor-id=\"1593\" class=\"elementor elementor-1593 elementor-1506\" data-elementor-post-type=\"page\">\n\t\t\t\t\t\t<section class=\"elementor-section elementor-top-section elementor-element elementor-element-4db565fe elementor-section-full_width elementor-section-height-default elementor-section-height-default\" data-id=\"4db565fe\" data-element_type=\"section\" data-settings=\"{&quot;shape_divider_bottom&quot;:&quot;mountains&quot;}\">\n\t\t\t\t\t<div class=\"elementor-shape elementor-shape-bottom\" data-negative=\"false\">\n\t\t\t<svg xmlns=\"http:\/\/www.w3.org\/2000\/svg\" viewBox=\"0 0 1000 100\" preserveAspectRatio=\"none\">\n\t<path class=\"elementor-shape-fill\" opacity=\"0.33\" d=\"M473,67.3c-203.9,88.3-263.1-34-320.3,0C66,119.1,0,59.7,0,59.7V0h1000v59.7 c0,0-62.1,26.1-94.9,29.3c-32.8,3.3-62.8-12.3-75.8-22.1C806,49.6,745.3,8.7,694.9,4.7S492.4,59,473,67.3z\"\/>\n\t<path class=\"elementor-shape-fill\" opacity=\"0.66\" d=\"M734,67.3c-45.5,0-77.2-23.2-129.1-39.1c-28.6-8.7-150.3-10.1-254,39.1 s-91.7-34.4-149.2,0C115.7,118.3,0,39.8,0,39.8V0h1000v36.5c0,0-28.2-18.5-92.1-18.5C810.2,18.1,775.7,67.3,734,67.3z\"\/>\n\t<path class=\"elementor-shape-fill\" d=\"M766.1,28.9c-200-57.5-266,65.5-395.1,19.5C242,1.8,242,5.4,184.8,20.6C128,35.8,132.3,44.9,89.9,52.5C28.6,63.7,0,0,0,0 h1000c0,0-9.9,40.9-83.6,48.1S829.6,47,766.1,28.9z\"\/>\n<\/svg>\t\t<\/div>\n\t\t\t\t\t<div class=\"elementor-container elementor-column-gap-default\">\n\t\t\t\t\t<div class=\"elementor-column elementor-col-100 elementor-top-column elementor-element elementor-element-39ffa006\" data-id=\"39ffa006\" data-element_type=\"column\">\n\t\t\t<div class=\"elementor-widget-wrap elementor-element-populated\">\n\t\t\t\t\t\t<div class=\"elementor-element elementor-element-26b2f180 elementor-widget elementor-widget-heading\" data-id=\"26b2f180\" data-element_type=\"widget\" data-widget_type=\"heading.default\">\n\t\t\t\t<div class=\"elementor-widget-container\">\n\t\t\t<h1 class=\"elementor-heading-title elementor-size-xxl\">SMJE\u0160TAJ<\/h1>\t\t<\/div>\n\t\t\t\t<\/div>\n\t\t\t\t\t<\/div>\n\t\t<\/div>\n\t\t\t\t\t<\/div>\n\t\t<\/section>\n\t\t\t\t<section class=\"elementor-section elementor-top-section elementor-element elementor-element-126f7b0e elementor-section-boxed elementor-section-height-default elementor-section-height-default\" data-id=\"126f7b0e\" data-element_type=\"section\">\n\t\t\t\t\t\t<div class=\"elementor-container elementor-column-gap-default\">\n\t\t\t\t\t<div class=\"elementor-column elementor-col-100 elementor-top-column elementor-element elementor-element-7401776\" data-id=\"7401776\" data-element_type=\"column\">\n\t\t\t<div class=\"elementor-widget-wrap elementor-element-populated\">\n\t\t\t\t\t\t<div class=\"elementor-element elementor-element-2b0080ae elementor-widget elementor-widget-text-editor\" data-id=\"2b0080ae\" data-element_type=\"widget\" data-widget_type=\"text-editor.default\">\n\t\t\t\t<div class=\"elementor-widget-container\">\n\t\t\t\t\t\t\t<div dir=\"ltr\"><h2>Preporu\u010deni smje\u0161taj za u\u010desnike<br \/><br \/>Planinarska ku\u0107a &#8220;IGMAN&#8221;, Malo Polje<\/h2><p>Za sve u\u010desnike Vu\u010dko Trail trke i njihovu pratnju, sa zadovoljstvom preporu\u010dujemo\u00a0<strong>Planinarsku ku\u0107u &#8220;IGMAN&#8221;<\/strong>, smje\u0161tenu u prelijepom prirodnom okru\u017eenju na\u00a0<strong>Malom Polju<\/strong>, preko puta olimpijskih skakaonica na Igmanu.<\/p><h3>Lokacija<\/h3><p>Planinarska ku\u0107a &#8220;IGMAN&#8221; se nalazi na nadmorskoj visini od\u00a0<strong>1246 m<\/strong>, okru\u017eena gustim \u010detinarima, s prekrasnim pogledom na vrh Bjela\u0161nice. Idealan je izbor za ljubitelje prirode i planinskog ambijenta, a istovremeno nudi funkcionalan i udoban smje\u0161taj u neposrednoj blizini trka\u010dkih staza.<\/p><h3>Smje\u0161tajni kapaciteti<\/h3><p>Objekat raspola\u017ee sa:<\/p><ul><li><p>6\u00a0<strong>spava\u0107ih soba<\/strong>\u00a0sa ukupno\u00a0<strong>50 le\u017eajeva<\/strong><\/p><\/li><li><p>Prostranim dnevnim boravkom s\u00a0<strong>kaminom<\/strong><\/p><\/li><li><p><strong>Kuhinjom<\/strong>\u00a0opremljenom za pripremu hrane<\/p><\/li><li><p>5\u00a0<strong>WC-a<\/strong>\u00a0i 2\u00a0<strong>kupatila<\/strong><\/p><\/li><li><p><strong>Eta\u017enim grijanjem<\/strong>\u00a0na \u010dvrsto gorivo<\/p><\/li><li><p>Priklju\u010dcima na vodovodnu, kanalizacionu i elektroenergetsku mre\u017eu<\/p><\/li><\/ul><p>Dom je otvoren\u00a0<strong>tokom cijele godine<\/strong>, a za do\u010dek i podr\u0161ku na licu mjesta brine se\u00a0<strong>domar<\/strong>, koji stalno boravi u objektu.<\/p><h3>\u00a0Ishrana<\/h3><p>Prehrana i pi\u0107e mogu se organizovati\u00a0<strong>po dogovoru s domarom<\/strong>, uz pridr\u017eavanje propisanih cijena. Fleksibilnost u dogovoru omogu\u0107ava prilagodbu potrebama ve\u0107ih ili manjih grupa u\u010desnika.<\/p><h3>Fotografije i dodatne informacije<\/h3><p>Za vi\u0161e informacija, detaljan opis i galeriju fotografija, posjetite:<br \/><img decoding=\"async\" class=\"an1\" draggable=\"false\" src=\"https:\/\/fonts.gstatic.com\/s\/e\/notoemoji\/16.0\/1f517\/32.png\" alt=\"\ud83d\udd17\" data-emoji=\"\ud83d\udd17\" aria-label=\"\ud83d\udd17\" title=\"\">\u00a0<a href=\"https:\/\/prijateljprirode.com\/\" target=\"_blank\" rel=\"noopener\" data-saferedirecturl=\"https:\/\/www.google.com\/url?q=https:\/\/prijateljprirode.com\/&amp;source=gmail&amp;ust=1747932306185000&amp;usg=AOvVaw1zzgf5YFpIIxNdwDSulfEJ\">www.prijateljprirode.com<\/a><br \/><img decoding=\"async\" class=\"an1\" draggable=\"false\" src=\"https:\/\/fonts.gstatic.com\/s\/e\/notoemoji\/16.0\/1f517\/32.png\" alt=\"\ud83d\udd17\" data-emoji=\"\ud83d\udd17\" aria-label=\"\ud83d\udd17\" title=\"\">\u00a0<a href=\"https:\/\/www.facebook.com\/people\/PSK-Prijatelj-Prirode\/100057484306767\/?v=timeline\" target=\"_blank\" rel=\"noopener\" data-saferedirecturl=\"https:\/\/www.google.com\/url?q=https:\/\/www.facebook.com\/people\/PSK-Prijatelj-Prirode\/100057484306767\/?v%3Dtimeline&amp;source=gmail&amp;ust=1747932306185000&amp;usg=AOvVaw0aTNLB8yfbMwS2vzCMIF3c\">Facebook stranica PSK Prijatelj Prirode<\/a><\/p><h3><br \/>Kontakt i rezervacije<\/h3><p>Za rezervacije, informacije i sve dodatne upite, kontaktirajte:\u00a0<br \/>\u00a0Email:\u00a0<strong><a>planinar@bih.net.ba<\/a><\/strong><br \/>Phone:\u00a0<strong>+387 61 035 544<\/strong>\u00a0(Ned\u017ead)<\/p><\/div>\t\t\t\t\t\t<\/div>\n\t\t\t\t<\/div>\n\t\t\t\t<div class=\"elementor-element elementor-element-8f00ef2 elementor-widget-divider--view-line elementor-widget elementor-widget-divider\" data-id=\"8f00ef2\" data-element_type=\"widget\" data-widget_type=\"divider.default\">\n\t\t\t\t<div class=\"elementor-widget-container\">\n\t\t\t\t\t<div class=\"elementor-divider\">\n\t\t\t<span class=\"elementor-divider-separator\">\n\t\t\t\t\t\t<\/span>\n\t\t<\/div>\n\t\t\t\t<\/div>\n\t\t\t\t<\/div>\n\t\t\t\t\t<\/div>\n\t\t<\/div>\n\t\t\t\t\t<\/div>\n\t\t<\/section>\n\t\t\t\t<\/div>\n\t\t","protected":false},"excerpt":{"rendered":"<p>SMJE\u0160TAJ Preporu\u010deni smje\u0161taj za u\u010desnike Planinarska ku\u0107a &#8220;IGMAN&#8221;, Malo Polje Za sve u\u010desnike Vu\u010dko Trail trke i njihovu pratnju, sa zadovoljstvom preporu\u010dujemo\u00a0Planinarsku ku\u0107u &#8220;IGMAN&#8221;, smje\u0161tenu u prelijepom prirodnom okru\u017eenju na\u00a0Malom Polju, preko puta olimpijskih skakaonica na Igmanu. Lokacija Planinarska ku\u0107a &#8220;IGMAN&#8221; se nalazi na nadmorskoj visini od\u00a01246 m, okru\u017eena gustim \u010detinarima, s prekrasnim pogledom na [&hellip;]<\/p>\n","protected":false},"author":1,"featured_media":0,"parent":0,"menu_order":0,"comment_status":"closed","ping_status":"closed","template":"","meta":{"_monsterinsights_skip_tracking":false,"_monsterinsights_sitenote_active":false,"_monsterinsights_sitenote_note":"","_monsterinsights_sitenote_category":0,"footnotes":""},"class_list":["post-1593","page","type-page","status-publish","hentry","entry","owp-thumbs-layout-horizontal","owp-btn-normal","owp-tabs-layout-horizontal","has-no-thumbnails","has-product-nav"],"_links":{"self":[{"href":"http:\/\/vuckotrail.ba\/bs\/wp-json\/wp\/v2\/pages\/1593","targetHints":{"allow":["GET"]}}],"collection":[{"href":"http:\/\/vuckotrail.ba\/bs\/wp-json\/wp\/v2\/pages"}],"about":[{"href":"http:\/\/vuckotrail.ba\/bs\/wp-json\/wp\/v2\/types\/page"}],"author":[{"embeddable":true,"href":"http:\/\/vuckotrail.ba\/bs\/wp-json\/wp\/v2\/users\/1"}],"replies":[{"embeddable":true,"href":"http:\/\/vuckotrail.ba\/bs\/wp-json\/wp\/v2\/comments?post=1593"}],"version-history":[{"count":64,"href":"http:\/\/vuckotrail.ba\/bs\/wp-json\/wp\/v2\/pages\/1593\/revisions"}],"predecessor-version":[{"id":5156,"href":"http:\/\/vuckotrail.ba\/bs\/wp-json\/wp\/v2\/pages\/1593\/revisions\/5156"}],"wp:attachment":[{"href":"http:\/\/vuckotrail.ba\/bs\/wp-json\/wp\/v2\/media?parent=1593"}],"curies":[{"name":"wp","href":"https:\/\/api.w.org\/{rel}","templated":true}]}}