{"id":1566,"date":"2020-03-22T11:55:07","date_gmt":"2020-03-22T11:55:07","guid":{"rendered":"http:\/\/vuckotrail.ba\/37km-staza\/"},"modified":"2025-12-03T17:29:05","modified_gmt":"2025-12-03T17:29:05","slug":"40km-staza","status":"publish","type":"page","link":"http:\/\/vuckotrail.ba\/bs\/40km-staza\/","title":{"rendered":"40km Staza"},"content":{"rendered":"\t\t<div data-elementor-type=\"wp-page\" data-elementor-id=\"1566\" class=\"elementor elementor-1566 elementor-1198\" data-elementor-post-type=\"page\">\n\t\t\t\t\t\t<section class=\"elementor-section elementor-top-section elementor-element elementor-element-986ca1b elementor-section-stretched elementor-section-content-middle elementor-section-full_width elementor-section-height-default elementor-section-height-default\" data-id=\"986ca1b\" data-element_type=\"section\" data-settings=\"{&quot;stretch_section&quot;:&quot;section-stretched&quot;,&quot;shape_divider_bottom&quot;:&quot;mountains&quot;}\">\n\t\t\t\t\t<div class=\"elementor-shape elementor-shape-bottom\" data-negative=\"false\">\n\t\t\t<svg xmlns=\"http:\/\/www.w3.org\/2000\/svg\" viewBox=\"0 0 1000 100\" preserveAspectRatio=\"none\">\n\t<path class=\"elementor-shape-fill\" opacity=\"0.33\" d=\"M473,67.3c-203.9,88.3-263.1-34-320.3,0C66,119.1,0,59.7,0,59.7V0h1000v59.7 c0,0-62.1,26.1-94.9,29.3c-32.8,3.3-62.8-12.3-75.8-22.1C806,49.6,745.3,8.7,694.9,4.7S492.4,59,473,67.3z\"\/>\n\t<path class=\"elementor-shape-fill\" opacity=\"0.66\" d=\"M734,67.3c-45.5,0-77.2-23.2-129.1-39.1c-28.6-8.7-150.3-10.1-254,39.1 s-91.7-34.4-149.2,0C115.7,118.3,0,39.8,0,39.8V0h1000v36.5c0,0-28.2-18.5-92.1-18.5C810.2,18.1,775.7,67.3,734,67.3z\"\/>\n\t<path class=\"elementor-shape-fill\" d=\"M766.1,28.9c-200-57.5-266,65.5-395.1,19.5C242,1.8,242,5.4,184.8,20.6C128,35.8,132.3,44.9,89.9,52.5C28.6,63.7,0,0,0,0 h1000c0,0-9.9,40.9-83.6,48.1S829.6,47,766.1,28.9z\"\/>\n<\/svg>\t\t<\/div>\n\t\t\t\t\t<div class=\"elementor-container elementor-column-gap-default\">\n\t\t\t\t\t<div class=\"elementor-column elementor-col-100 elementor-top-column elementor-element elementor-element-3c11a44\" data-id=\"3c11a44\" data-element_type=\"column\">\n\t\t\t<div class=\"elementor-widget-wrap elementor-element-populated\">\n\t\t\t\t\t\t<div class=\"elementor-element elementor-element-92657a6 elementor-widget elementor-widget-heading\" data-id=\"92657a6\" data-element_type=\"widget\" data-widget_type=\"heading.default\">\n\t\t\t\t<div class=\"elementor-widget-container\">\n\t\t\t<h1 class=\"elementor-heading-title elementor-size-default\">PLAVA STAZA<\/h1>\t\t<\/div>\n\t\t\t\t<\/div>\n\t\t\t\t\t<\/div>\n\t\t<\/div>\n\t\t\t\t\t<\/div>\n\t\t<\/section>\n\t\t\t\t<section class=\"elementor-section elementor-top-section elementor-element elementor-element-596032f8 elementor-section-stretched elementor-section-boxed elementor-section-height-default elementor-section-height-default\" data-id=\"596032f8\" data-element_type=\"section\" data-settings=\"{&quot;stretch_section&quot;:&quot;section-stretched&quot;}\">\n\t\t\t\t\t\t<div class=\"elementor-container elementor-column-gap-default\">\n\t\t\t\t\t<div class=\"elementor-column elementor-col-100 elementor-top-column elementor-element elementor-element-40be2a53\" data-id=\"40be2a53\" data-element_type=\"column\">\n\t\t\t<div class=\"elementor-widget-wrap elementor-element-populated\">\n\t\t\t\t\t\t<section class=\"elementor-section elementor-inner-section elementor-element elementor-element-5894f4f7 elementor-section-boxed elementor-section-height-default elementor-section-height-default\" data-id=\"5894f4f7\" data-element_type=\"section\">\n\t\t\t\t\t\t<div class=\"elementor-container elementor-column-gap-default\">\n\t\t\t\t\t<div class=\"elementor-column elementor-col-50 elementor-inner-column elementor-element elementor-element-37f2d19e\" data-id=\"37f2d19e\" data-element_type=\"column\">\n\t\t\t<div class=\"elementor-widget-wrap elementor-element-populated\">\n\t\t\t\t\t\t<div class=\"elementor-element elementor-element-41103ba4 elementor-widget elementor-widget-text-editor\" data-id=\"41103ba4\" data-element_type=\"widget\" data-widget_type=\"text-editor.default\">\n\t\t\t\t<div class=\"elementor-widget-container\">\n\t\t\t\t\t\t\t<ul>\n \t<li><strong>DU\u017dINA: 40 km<\/strong><\/li>\n \t<li><strong>ELEVACIJA: +1.800 m<\/strong><\/li>\n \t<li><strong>2 ITRA BODA<\/strong><\/li>\n \t<li><strong>STARTNINA: Rane uplate 80KM &#8211; Standarno 100KM<\/strong><\/li>\n<\/ul>\nIdealan trail za one koji \u017eele poku\u0161ati sa ne\u0161to umjerenijom kilometra\u017eom, a opet \u017eele osjetiti uzbu\u0111enje, avanturu, napor i prekrasne vidike. Selo Lukomir kao jedna od odrednica, te Studeni potok i tragovi a\u017edahe daju posebnu notu, te tjeraju na \u0161to skoriji zavr\u0161etak. Ipak nije mudro zano\u0107iti uz sve te pri\u010de.\t\t\t\t\t\t<\/div>\n\t\t\t\t<\/div>\n\t\t\t\t\t<\/div>\n\t\t<\/div>\n\t\t\t\t<div class=\"elementor-column elementor-col-50 elementor-inner-column elementor-element elementor-element-7f987d0\" data-id=\"7f987d0\" data-element_type=\"column\">\n\t\t\t<div class=\"elementor-widget-wrap elementor-element-populated\">\n\t\t\t\t\t\t<div class=\"elementor-element elementor-element-ac56c49 elementor-button-info elementor-add-to-cart--align-center elementor-add-to-cart-mobile--align-center elementor-widget elementor-widget-wc-add-to-cart\" data-id=\"ac56c49\" data-element_type=\"widget\" data-widget_type=\"wc-add-to-cart.default\">\n\t\t\t\t<div class=\"elementor-widget-container\">\n\t\t\t\t\t<div class=\"elementor-button-wrapper\">\n\t\t\t<a rel=\"nofollow\" href=\"\/bs\/wp-json\/wp\/v2\/pages\/1566?add-to-cart=5604\" data-quantity=\"1\" data-product_id=\"5604\" class=\"product_type_simple add_to_cart_button ajax_add_to_cart elementor-button elementor-size-sm\" role=\"button\">\n\t\t\t\t\t\t<span class=\"elementor-button-content-wrapper\">\n\t\t\t\t\t\t<span class=\"elementor-button-icon\">\n\t\t\t\t<i aria-hidden=\"true\" class=\"fas fa-shopping-cart\"><\/i>\t\t\t<\/span>\n\t\t\t\t\t\t\t\t\t<span class=\"elementor-button-text\">Dodaj startninu u korpu<\/span>\n\t\t\t\t\t<\/span>\n\t\t\t\t\t<\/a>\n\t\t<\/div>\n\t\t\t\t<\/div>\n\t\t\t\t<\/div>\n\t\t\t\t<div class=\"elementor-element elementor-element-4c859929 elementor-button-info elementor-align-center elementor-widget elementor-widget-button\" data-id=\"4c859929\" data-element_type=\"widget\" data-widget_type=\"button.default\">\n\t\t\t\t<div class=\"elementor-widget-container\">\n\t\t\t\t\t<div class=\"elementor-button-wrapper\">\n\t\t\t<a class=\"elementor-button elementor-button-link elementor-size-sm\" href=\"https:\/\/drive.google.com\/file\/d\/19R5rL598B1G4UbNRyWt5u46LHL5DPYDV\/view?usp=sharing\" target=\"_blank\" rel=\"noopener\">\n\t\t\t\t\t\t<span class=\"elementor-button-content-wrapper\">\n\t\t\t\t\t\t\t\t\t<span class=\"elementor-button-text\">PREUZMI GPX<\/span>\n\t\t\t\t\t<\/span>\n\t\t\t\t\t<\/a>\n\t\t<\/div>\n\t\t\t\t<\/div>\n\t\t\t\t<\/div>\n\t\t\t\t\t<\/div>\n\t\t<\/div>\n\t\t\t\t\t<\/div>\n\t\t<\/section>\n\t\t\t\t<div class=\"elementor-element elementor-element-ea8b6d2 elementor-widget elementor-widget-html\" data-id=\"ea8b6d2\" data-element_type=\"widget\" data-widget_type=\"html.default\">\n\t\t\t\t<div class=\"elementor-widget-container\">\n\t\t\t<iframe src=\"https:\/\/ontime-timing.com\/?ff_landing=17\" scrolling=\"yes\" marginheight=\"0\" marginwidth=\"0\" frameborder=\"0\" width=\"100%\" height=\"800\" webkitallowfullscreen mozallowfullscreen allowfullscreen><\/iframe>\t\t<\/div>\n\t\t\t\t<\/div>\n\t\t\t\t\t<\/div>\n\t\t<\/div>\n\t\t\t\t\t<\/div>\n\t\t<\/section>\n\t\t\t\t<section class=\"elementor-section elementor-top-section elementor-element elementor-element-17c03fd elementor-section-boxed elementor-section-height-default elementor-section-height-default\" data-id=\"17c03fd\" data-element_type=\"section\">\n\t\t\t\t\t\t<div class=\"elementor-container elementor-column-gap-default\">\n\t\t\t\t\t<div class=\"elementor-column elementor-col-100 elementor-top-column elementor-element elementor-element-39c577e3\" data-id=\"39c577e3\" data-element_type=\"column\">\n\t\t\t<div class=\"elementor-widget-wrap elementor-element-populated\">\n\t\t\t\t\t\t<div class=\"elementor-element elementor-element-6055a02d elementor-widget elementor-widget-gallery\" data-id=\"6055a02d\" data-element_type=\"widget\" data-settings=\"{&quot;gallery_layout&quot;:&quot;justified&quot;,&quot;ideal_row_height&quot;:{&quot;unit&quot;:&quot;px&quot;,&quot;size&quot;:100,&quot;sizes&quot;:[]},&quot;lazyload&quot;:&quot;yes&quot;,&quot;ideal_row_height_tablet&quot;:{&quot;unit&quot;:&quot;px&quot;,&quot;size&quot;:150,&quot;sizes&quot;:[]},&quot;ideal_row_height_mobile&quot;:{&quot;unit&quot;:&quot;px&quot;,&quot;size&quot;:150,&quot;sizes&quot;:[]},&quot;gap&quot;:{&quot;unit&quot;:&quot;px&quot;,&quot;size&quot;:10,&quot;sizes&quot;:[]},&quot;gap_tablet&quot;:{&quot;unit&quot;:&quot;px&quot;,&quot;size&quot;:10,&quot;sizes&quot;:[]},&quot;gap_mobile&quot;:{&quot;unit&quot;:&quot;px&quot;,&quot;size&quot;:10,&quot;sizes&quot;:[]},&quot;link_to&quot;:&quot;file&quot;,&quot;overlay_background&quot;:&quot;yes&quot;,&quot;content_hover_animation&quot;:&quot;fade-in&quot;}\" data-widget_type=\"gallery.default\">\n\t\t\t\t<div class=\"elementor-widget-container\">\n\t\t\t\t\t<div class=\"elementor-gallery__container\">\n\t\t\t\t\t\t\t<a class=\"e-gallery-item elementor-gallery-item elementor-animated-content\" href=\"http:\/\/vuckotrail.ba\/wp-content\/uploads\/2020\/01\/blue_01.jpg\" data-elementor-open-lightbox=\"yes\" data-elementor-lightbox-slideshow=\"6055a02d\" data-elementor-lightbox-title=\"blue_01\" data-e-action-hash=\"#elementor-action%3Aaction%3Dlightbox%26settings%3DeyJpZCI6MTMwNSwidXJsIjoiaHR0cDpcL1wvdnVja290cmFpbC5iYVwvd3AtY29udGVudFwvdXBsb2Fkc1wvMjAyMFwvMDFcL2JsdWVfMDEuanBnIiwic2xpZGVzaG93IjoiNjA1NWEwMmQifQ%3D%3D\">\n\t\t\t\t\t<div class=\"e-gallery-image elementor-gallery-item__image\" data-thumbnail=\"http:\/\/vuckotrail.ba\/wp-content\/uploads\/2020\/01\/blue_01-300x176.jpg\" data-width=\"300\" data-height=\"176\" aria-label=\"\" role=\"img\" ><\/div>\n\t\t\t\t\t\t\t\t\t\t\t<div class=\"elementor-gallery-item__overlay\"><\/div>\n\t\t\t\t\t\t\t\t\t\t\t\t\t\t<\/a>\n\t\t\t\t\t\t\t<a class=\"e-gallery-item elementor-gallery-item elementor-animated-content\" href=\"http:\/\/vuckotrail.ba\/wp-content\/uploads\/2020\/01\/blue_02.jpg\" data-elementor-open-lightbox=\"yes\" data-elementor-lightbox-slideshow=\"6055a02d\" data-elementor-lightbox-title=\"blue_02\" data-e-action-hash=\"#elementor-action%3Aaction%3Dlightbox%26settings%3DeyJpZCI6MTMwNywidXJsIjoiaHR0cDpcL1wvdnVja290cmFpbC5iYVwvd3AtY29udGVudFwvdXBsb2Fkc1wvMjAyMFwvMDFcL2JsdWVfMDIuanBnIiwic2xpZGVzaG93IjoiNjA1NWEwMmQifQ%3D%3D\">\n\t\t\t\t\t<div class=\"e-gallery-image elementor-gallery-item__image\" data-thumbnail=\"http:\/\/vuckotrail.ba\/wp-content\/uploads\/2020\/01\/blue_02-300x200.jpg\" data-width=\"300\" data-height=\"200\" aria-label=\"\" role=\"img\" ><\/div>\n\t\t\t\t\t\t\t\t\t\t\t<div class=\"elementor-gallery-item__overlay\"><\/div>\n\t\t\t\t\t\t\t\t\t\t\t\t\t\t<\/a>\n\t\t\t\t\t\t\t<a class=\"e-gallery-item elementor-gallery-item elementor-animated-content\" href=\"http:\/\/vuckotrail.ba\/wp-content\/uploads\/2020\/01\/blue_03.jpg\" data-elementor-open-lightbox=\"yes\" data-elementor-lightbox-slideshow=\"6055a02d\" data-elementor-lightbox-title=\"blue_03\" data-e-action-hash=\"#elementor-action%3Aaction%3Dlightbox%26settings%3DeyJpZCI6MTMwOSwidXJsIjoiaHR0cDpcL1wvdnVja290cmFpbC5iYVwvd3AtY29udGVudFwvdXBsb2Fkc1wvMjAyMFwvMDFcL2JsdWVfMDMuanBnIiwic2xpZGVzaG93IjoiNjA1NWEwMmQifQ%3D%3D\">\n\t\t\t\t\t<div class=\"e-gallery-image elementor-gallery-item__image\" data-thumbnail=\"http:\/\/vuckotrail.ba\/wp-content\/uploads\/2020\/01\/blue_03-300x200.jpg\" data-width=\"300\" data-height=\"200\" aria-label=\"\" role=\"img\" ><\/div>\n\t\t\t\t\t\t\t\t\t\t\t<div class=\"elementor-gallery-item__overlay\"><\/div>\n\t\t\t\t\t\t\t\t\t\t\t\t\t\t<\/a>\n\t\t\t\t\t\t\t<a class=\"e-gallery-item elementor-gallery-item elementor-animated-content\" href=\"http:\/\/vuckotrail.ba\/wp-content\/uploads\/2020\/01\/blue_04.jpg\" data-elementor-open-lightbox=\"yes\" data-elementor-lightbox-slideshow=\"6055a02d\" data-elementor-lightbox-title=\"blue_04\" data-e-action-hash=\"#elementor-action%3Aaction%3Dlightbox%26settings%3DeyJpZCI6MTMxMSwidXJsIjoiaHR0cDpcL1wvdnVja290cmFpbC5iYVwvd3AtY29udGVudFwvdXBsb2Fkc1wvMjAyMFwvMDFcL2JsdWVfMDQuanBnIiwic2xpZGVzaG93IjoiNjA1NWEwMmQifQ%3D%3D\">\n\t\t\t\t\t<div class=\"e-gallery-image elementor-gallery-item__image\" data-thumbnail=\"http:\/\/vuckotrail.ba\/wp-content\/uploads\/2020\/01\/blue_04-300x200.jpg\" data-width=\"300\" data-height=\"200\" aria-label=\"\" role=\"img\" ><\/div>\n\t\t\t\t\t\t\t\t\t\t\t<div class=\"elementor-gallery-item__overlay\"><\/div>\n\t\t\t\t\t\t\t\t\t\t\t\t\t\t<\/a>\n\t\t\t\t\t\t\t<a class=\"e-gallery-item elementor-gallery-item elementor-animated-content\" href=\"http:\/\/vuckotrail.ba\/wp-content\/uploads\/2020\/01\/blue_05.jpg\" data-elementor-open-lightbox=\"yes\" data-elementor-lightbox-slideshow=\"6055a02d\" data-elementor-lightbox-title=\"blue_05\" data-e-action-hash=\"#elementor-action%3Aaction%3Dlightbox%26settings%3DeyJpZCI6MTMxMywidXJsIjoiaHR0cDpcL1wvdnVja290cmFpbC5iYVwvd3AtY29udGVudFwvdXBsb2Fkc1wvMjAyMFwvMDFcL2JsdWVfMDUuanBnIiwic2xpZGVzaG93IjoiNjA1NWEwMmQifQ%3D%3D\">\n\t\t\t\t\t<div class=\"e-gallery-image elementor-gallery-item__image\" data-thumbnail=\"http:\/\/vuckotrail.ba\/wp-content\/uploads\/2020\/01\/blue_05-300x200.jpg\" data-width=\"300\" data-height=\"200\" aria-label=\"\" role=\"img\" ><\/div>\n\t\t\t\t\t\t\t\t\t\t\t<div class=\"elementor-gallery-item__overlay\"><\/div>\n\t\t\t\t\t\t\t\t\t\t\t\t\t\t<\/a>\n\t\t\t\t\t\t\t<a class=\"e-gallery-item elementor-gallery-item elementor-animated-content\" href=\"http:\/\/vuckotrail.ba\/wp-content\/uploads\/2020\/01\/blue_06.jpg\" data-elementor-open-lightbox=\"yes\" data-elementor-lightbox-slideshow=\"6055a02d\" data-elementor-lightbox-title=\"blue_06\" data-e-action-hash=\"#elementor-action%3Aaction%3Dlightbox%26settings%3DeyJpZCI6MTMxNSwidXJsIjoiaHR0cDpcL1wvdnVja290cmFpbC5iYVwvd3AtY29udGVudFwvdXBsb2Fkc1wvMjAyMFwvMDFcL2JsdWVfMDYuanBnIiwic2xpZGVzaG93IjoiNjA1NWEwMmQifQ%3D%3D\">\n\t\t\t\t\t<div class=\"e-gallery-image elementor-gallery-item__image\" data-thumbnail=\"http:\/\/vuckotrail.ba\/wp-content\/uploads\/2020\/01\/blue_06-300x200.jpg\" data-width=\"300\" data-height=\"200\" aria-label=\"\" role=\"img\" ><\/div>\n\t\t\t\t\t\t\t\t\t\t\t<div class=\"elementor-gallery-item__overlay\"><\/div>\n\t\t\t\t\t\t\t\t\t\t\t\t\t\t<\/a>\n\t\t\t\t\t<\/div>\n\t\t\t<\/div>\n\t\t\t\t<\/div>\n\t\t\t\t<div class=\"elementor-element elementor-element-b43ed2f elementor-widget elementor-widget-image\" data-id=\"b43ed2f\" data-element_type=\"widget\" data-widget_type=\"image.default\">\n\t\t\t\t<div class=\"elementor-widget-container\">\n\t\t\t\t\t\t\t\t\t\t\t\t\t<img fetchpriority=\"high\" decoding=\"async\" width=\"1024\" height=\"292\" src=\"http:\/\/vuckotrail.ba\/wp-content\/uploads\/2024\/06\/40-2024_blue-40-1024x292.webp\" class=\"attachment-large size-large wp-image-4571\" alt=\"\" srcset=\"http:\/\/vuckotrail.ba\/wp-content\/uploads\/2024\/06\/40-2024_blue-40-1024x292.webp 1024w, http:\/\/vuckotrail.ba\/wp-content\/uploads\/2024\/06\/40-2024_blue-40-600x171.webp 600w, http:\/\/vuckotrail.ba\/wp-content\/uploads\/2024\/06\/40-2024_blue-40-300x86.webp 300w, http:\/\/vuckotrail.ba\/wp-content\/uploads\/2024\/06\/40-2024_blue-40-768x219.webp 768w, http:\/\/vuckotrail.ba\/wp-content\/uploads\/2024\/06\/40-2024_blue-40.webp 1200w\" sizes=\"(max-width: 1024px) 100vw, 1024px\" title=\"\">\t\t\t\t\t\t\t\t\t\t\t\t\t<\/div>\n\t\t\t\t<\/div>\n\t\t\t\t\t<\/div>\n\t\t<\/div>\n\t\t\t\t\t<\/div>\n\t\t<\/section>\n\t\t\t\t<\/div>\n\t\t","protected":false},"excerpt":{"rendered":"<p>PLAVA STAZA DU\u017dINA: 40 km ELEVACIJA: +1.800 m 2 ITRA BODA STARTNINA: Rane uplate 80KM &#8211; Standarno 100KM Idealan trail za one koji \u017eele poku\u0161ati sa ne\u0161to umjerenijom kilometra\u017eom, a opet \u017eele osjetiti uzbu\u0111enje, avanturu, napor i prekrasne vidike. Selo Lukomir kao jedna od odrednica, te Studeni potok i tragovi a\u017edahe daju posebnu notu, te [&hellip;]<\/p>\n","protected":false},"author":1,"featured_media":0,"parent":0,"menu_order":0,"comment_status":"closed","ping_status":"closed","template":"","meta":{"_monsterinsights_skip_tracking":false,"_monsterinsights_sitenote_active":false,"_monsterinsights_sitenote_note":"","_monsterinsights_sitenote_category":0,"footnotes":""},"class_list":["post-1566","page","type-page","status-publish","hentry","entry","owp-thumbs-layout-horizontal","owp-btn-normal","owp-tabs-layout-horizontal","has-no-thumbnails","has-product-nav"],"_links":{"self":[{"href":"http:\/\/vuckotrail.ba\/bs\/wp-json\/wp\/v2\/pages\/1566","targetHints":{"allow":["GET"]}}],"collection":[{"href":"http:\/\/vuckotrail.ba\/bs\/wp-json\/wp\/v2\/pages"}],"about":[{"href":"http:\/\/vuckotrail.ba\/bs\/wp-json\/wp\/v2\/types\/page"}],"author":[{"embeddable":true,"href":"http:\/\/vuckotrail.ba\/bs\/wp-json\/wp\/v2\/users\/1"}],"replies":[{"embeddable":true,"href":"http:\/\/vuckotrail.ba\/bs\/wp-json\/wp\/v2\/comments?post=1566"}],"version-history":[{"count":127,"href":"http:\/\/vuckotrail.ba\/bs\/wp-json\/wp\/v2\/pages\/1566\/revisions"}],"predecessor-version":[{"id":6086,"href":"http:\/\/vuckotrail.ba\/bs\/wp-json\/wp\/v2\/pages\/1566\/revisions\/6086"}],"wp:attachment":[{"href":"http:\/\/vuckotrail.ba\/bs\/wp-json\/wp\/v2\/media?parent=1566"}],"curies":[{"name":"wp","href":"https:\/\/api.w.org\/{rel}","templated":true}]}}