{"id":1555,"date":"2020-03-22T11:39:27","date_gmt":"2020-03-22T11:39:27","guid":{"rendered":"http:\/\/vuckotrail.ba\/63-km-staza\/"},"modified":"2025-11-30T15:18:20","modified_gmt":"2025-11-30T15:18:20","slug":"60-km-staza","status":"publish","type":"page","link":"http:\/\/vuckotrail.ba\/bs\/60-km-staza\/","title":{"rendered":"60km Staza"},"content":{"rendered":"\t\t<div data-elementor-type=\"wp-page\" data-elementor-id=\"1555\" class=\"elementor elementor-1555 elementor-1205\" data-elementor-post-type=\"page\">\n\t\t\t\t\t\t<section class=\"elementor-section elementor-top-section elementor-element elementor-element-c5b2102 elementor-section-stretched elementor-section-content-middle elementor-section-full_width elementor-section-height-default elementor-section-height-default\" data-id=\"c5b2102\" data-element_type=\"section\" data-settings=\"{&quot;stretch_section&quot;:&quot;section-stretched&quot;,&quot;shape_divider_bottom&quot;:&quot;mountains&quot;}\">\n\t\t\t\t\t<div class=\"elementor-shape elementor-shape-bottom\" data-negative=\"false\">\n\t\t\t<svg xmlns=\"http:\/\/www.w3.org\/2000\/svg\" viewBox=\"0 0 1000 100\" preserveAspectRatio=\"none\">\n\t<path class=\"elementor-shape-fill\" opacity=\"0.33\" d=\"M473,67.3c-203.9,88.3-263.1-34-320.3,0C66,119.1,0,59.7,0,59.7V0h1000v59.7 c0,0-62.1,26.1-94.9,29.3c-32.8,3.3-62.8-12.3-75.8-22.1C806,49.6,745.3,8.7,694.9,4.7S492.4,59,473,67.3z\"\/>\n\t<path class=\"elementor-shape-fill\" opacity=\"0.66\" d=\"M734,67.3c-45.5,0-77.2-23.2-129.1-39.1c-28.6-8.7-150.3-10.1-254,39.1 s-91.7-34.4-149.2,0C115.7,118.3,0,39.8,0,39.8V0h1000v36.5c0,0-28.2-18.5-92.1-18.5C810.2,18.1,775.7,67.3,734,67.3z\"\/>\n\t<path class=\"elementor-shape-fill\" d=\"M766.1,28.9c-200-57.5-266,65.5-395.1,19.5C242,1.8,242,5.4,184.8,20.6C128,35.8,132.3,44.9,89.9,52.5C28.6,63.7,0,0,0,0 h1000c0,0-9.9,40.9-83.6,48.1S829.6,47,766.1,28.9z\"\/>\n<\/svg>\t\t<\/div>\n\t\t\t\t\t<div class=\"elementor-container elementor-column-gap-default\">\n\t\t\t\t\t<div class=\"elementor-column elementor-col-100 elementor-top-column elementor-element elementor-element-12d28b2d\" data-id=\"12d28b2d\" data-element_type=\"column\">\n\t\t\t<div class=\"elementor-widget-wrap elementor-element-populated\">\n\t\t\t\t\t\t<div class=\"elementor-element elementor-element-51fc3fc2 elementor-widget elementor-widget-heading\" data-id=\"51fc3fc2\" data-element_type=\"widget\" data-widget_type=\"heading.default\">\n\t\t\t\t<div class=\"elementor-widget-container\">\n\t\t\t<h1 class=\"elementor-heading-title elementor-size-default\">CRVENA STAZA<\/h1>\t\t<\/div>\n\t\t\t\t<\/div>\n\t\t\t\t\t<\/div>\n\t\t<\/div>\n\t\t\t\t\t<\/div>\n\t\t<\/section>\n\t\t\t\t<section class=\"elementor-section elementor-top-section elementor-element elementor-element-7666c3b8 elementor-section-stretched elementor-section-boxed elementor-section-height-default elementor-section-height-default\" data-id=\"7666c3b8\" data-element_type=\"section\" data-settings=\"{&quot;stretch_section&quot;:&quot;section-stretched&quot;}\">\n\t\t\t\t\t\t<div class=\"elementor-container elementor-column-gap-default\">\n\t\t\t\t\t<div class=\"elementor-column elementor-col-100 elementor-top-column elementor-element elementor-element-f0caa1e\" data-id=\"f0caa1e\" data-element_type=\"column\">\n\t\t\t<div class=\"elementor-widget-wrap elementor-element-populated\">\n\t\t\t\t\t\t<section class=\"elementor-section elementor-inner-section elementor-element elementor-element-6054fc8b elementor-section-boxed elementor-section-height-default elementor-section-height-default\" data-id=\"6054fc8b\" data-element_type=\"section\">\n\t\t\t\t\t\t<div class=\"elementor-container elementor-column-gap-default\">\n\t\t\t\t\t<div class=\"elementor-column elementor-col-50 elementor-inner-column elementor-element elementor-element-379eaae8\" data-id=\"379eaae8\" data-element_type=\"column\">\n\t\t\t<div class=\"elementor-widget-wrap elementor-element-populated\">\n\t\t\t\t\t\t<div class=\"elementor-element elementor-element-5a084d65 elementor-widget elementor-widget-text-editor\" data-id=\"5a084d65\" data-element_type=\"widget\" data-widget_type=\"text-editor.default\">\n\t\t\t\t<div class=\"elementor-widget-container\">\n\t\t\t\t\t\t\t<ul><li><strong>DU\u017dINA: 60 km<\/strong><\/li><li><strong>ELEVACIJA: +3.700 m<\/strong><\/li><li><strong>3 ITRA BODA<\/strong><\/li><li><strong>STARTNINA: Rane uplate 100KM &#8211; Standarno 130KM\u00a0<\/strong><\/li><\/ul><p>Trail na kojem se moralo dobro paziti kuda se ide, da visinska ne bi oti\u0161la preko +4000m. Drugo lice Bjela\u0161nice, stari putevi i jo\u0161 starije legende, kanjon Rakitnice i o\u0161tri greben Viso\u010dice. Sve to, za\u010dinjeno pejza\u017eima koji oduzimaju dah, te ste\u0107cima koji vire sa svih strana. Neodoljivo podsje\u0107a na na\u0161e pretke \u0161to su ovaj trail odra\u0111ivali svakim danom za doru\u010dak, ganjaju\u0107i ov\u010dice po planinaskim proplancima.<\/p>\t\t\t\t\t\t<\/div>\n\t\t\t\t<\/div>\n\t\t\t\t\t<\/div>\n\t\t<\/div>\n\t\t\t\t<div class=\"elementor-column elementor-col-50 elementor-inner-column elementor-element elementor-element-5c1bd960\" data-id=\"5c1bd960\" data-element_type=\"column\">\n\t\t\t<div class=\"elementor-widget-wrap elementor-element-populated\">\n\t\t\t\t\t\t<div class=\"elementor-element elementor-element-c9a0e3b elementor-button-info elementor-add-to-cart--align-center elementor-add-to-cart-mobile--align-center elementor-widget elementor-widget-wc-add-to-cart\" data-id=\"c9a0e3b\" data-element_type=\"widget\" data-widget_type=\"wc-add-to-cart.default\">\n\t\t\t\t<div class=\"elementor-widget-container\">\n\t\t\t\t\t<div class=\"elementor-button-wrapper\">\n\t\t\t<a rel=\"nofollow\" href=\"\/bs\/wp-json\/wp\/v2\/pages\/1555?add-to-cart=5605\" data-quantity=\"1\" data-product_id=\"5605\" class=\"product_type_simple add_to_cart_button ajax_add_to_cart elementor-button elementor-size-sm\" role=\"button\">\n\t\t\t\t\t\t<span class=\"elementor-button-content-wrapper\">\n\t\t\t\t\t\t<span class=\"elementor-button-icon\">\n\t\t\t\t<i aria-hidden=\"true\" class=\"fas fa-shopping-cart\"><\/i>\t\t\t<\/span>\n\t\t\t\t\t\t\t\t\t<span class=\"elementor-button-text\">Dodaj startninu u korpu<\/span>\n\t\t\t\t\t<\/span>\n\t\t\t\t\t<\/a>\n\t\t<\/div>\n\t\t\t\t<\/div>\n\t\t\t\t<\/div>\n\t\t\t\t<div class=\"elementor-element elementor-element-3f2da23c elementor-button-info elementor-align-center elementor-widget elementor-widget-button\" data-id=\"3f2da23c\" data-element_type=\"widget\" data-widget_type=\"button.default\">\n\t\t\t\t<div class=\"elementor-widget-container\">\n\t\t\t\t\t<div class=\"elementor-button-wrapper\">\n\t\t\t<a class=\"elementor-button elementor-button-link elementor-size-sm\" href=\"https:\/\/drive.google.com\/file\/d\/1TcwSBICl2Uj-yE9w3XNZC_vb1rgtnPOP\/view?usp=sharing\" target=\"_blank\" rel=\"noopener\">\n\t\t\t\t\t\t<span class=\"elementor-button-content-wrapper\">\n\t\t\t\t\t\t\t\t\t<span class=\"elementor-button-text\">PREUZMI GPX<\/span>\n\t\t\t\t\t<\/span>\n\t\t\t\t\t<\/a>\n\t\t<\/div>\n\t\t\t\t<\/div>\n\t\t\t\t<\/div>\n\t\t\t\t\t<\/div>\n\t\t<\/div>\n\t\t\t\t\t<\/div>\n\t\t<\/section>\n\t\t\t\t<div class=\"elementor-element elementor-element-8499557 elementor-widget elementor-widget-html\" data-id=\"8499557\" data-element_type=\"widget\" data-widget_type=\"html.default\">\n\t\t\t\t<div class=\"elementor-widget-container\">\n\t\t\t<iframe src=\"https:\/\/ontime-timing.com\/?ff_landing=17\" scrolling=\"yes\" marginheight=\"0\" marginwidth=\"0\" frameborder=\"0\" width=\"100%\" height=\"800\" webkitallowfullscreen mozallowfullscreen allowfullscreen><\/iframe>\t\t<\/div>\n\t\t\t\t<\/div>\n\t\t\t\t\t<\/div>\n\t\t<\/div>\n\t\t\t\t\t<\/div>\n\t\t<\/section>\n\t\t\t\t<section class=\"elementor-section elementor-top-section elementor-element elementor-element-6aa61d81 elementor-section-boxed elementor-section-height-default elementor-section-height-default\" data-id=\"6aa61d81\" data-element_type=\"section\">\n\t\t\t\t\t\t<div class=\"elementor-container elementor-column-gap-default\">\n\t\t\t\t\t<div class=\"elementor-column elementor-col-100 elementor-top-column elementor-element elementor-element-7e72a363\" data-id=\"7e72a363\" data-element_type=\"column\">\n\t\t\t<div class=\"elementor-widget-wrap elementor-element-populated\">\n\t\t\t\t\t\t<div class=\"elementor-element elementor-element-46987a50 elementor-widget elementor-widget-gallery\" data-id=\"46987a50\" data-element_type=\"widget\" data-settings=\"{&quot;gallery_layout&quot;:&quot;justified&quot;,&quot;ideal_row_height&quot;:{&quot;unit&quot;:&quot;px&quot;,&quot;size&quot;:90,&quot;sizes&quot;:[]},&quot;lazyload&quot;:&quot;yes&quot;,&quot;ideal_row_height_tablet&quot;:{&quot;unit&quot;:&quot;px&quot;,&quot;size&quot;:150,&quot;sizes&quot;:[]},&quot;ideal_row_height_mobile&quot;:{&quot;unit&quot;:&quot;px&quot;,&quot;size&quot;:150,&quot;sizes&quot;:[]},&quot;gap&quot;:{&quot;unit&quot;:&quot;px&quot;,&quot;size&quot;:10,&quot;sizes&quot;:[]},&quot;gap_tablet&quot;:{&quot;unit&quot;:&quot;px&quot;,&quot;size&quot;:10,&quot;sizes&quot;:[]},&quot;gap_mobile&quot;:{&quot;unit&quot;:&quot;px&quot;,&quot;size&quot;:10,&quot;sizes&quot;:[]},&quot;link_to&quot;:&quot;file&quot;,&quot;overlay_background&quot;:&quot;yes&quot;,&quot;content_hover_animation&quot;:&quot;fade-in&quot;}\" data-widget_type=\"gallery.default\">\n\t\t\t\t<div class=\"elementor-widget-container\">\n\t\t\t\t\t<div class=\"elementor-gallery__container\">\n\t\t\t\t\t\t\t<a class=\"e-gallery-item elementor-gallery-item elementor-animated-content\" href=\"http:\/\/vuckotrail.ba\/wp-content\/uploads\/2020\/01\/red01-1.jpg\" data-elementor-open-lightbox=\"yes\" data-elementor-lightbox-slideshow=\"46987a50\" data-elementor-lightbox-title=\"red01\" data-e-action-hash=\"#elementor-action%3Aaction%3Dlightbox%26settings%3DeyJpZCI6MTI4OCwidXJsIjoiaHR0cDpcL1wvdnVja290cmFpbC5iYVwvd3AtY29udGVudFwvdXBsb2Fkc1wvMjAyMFwvMDFcL3JlZDAxLTEuanBnIiwic2xpZGVzaG93IjoiNDY5ODdhNTAifQ%3D%3D\">\n\t\t\t\t\t<div class=\"e-gallery-image elementor-gallery-item__image\" data-thumbnail=\"http:\/\/vuckotrail.ba\/wp-content\/uploads\/2020\/01\/red01-1-300x200.jpg\" data-width=\"300\" data-height=\"200\" aria-label=\"\" role=\"img\" ><\/div>\n\t\t\t\t\t\t\t\t\t\t\t<div class=\"elementor-gallery-item__overlay\"><\/div>\n\t\t\t\t\t\t\t\t\t\t\t\t\t\t<\/a>\n\t\t\t\t\t\t\t<a class=\"e-gallery-item elementor-gallery-item elementor-animated-content\" href=\"http:\/\/vuckotrail.ba\/wp-content\/uploads\/2020\/01\/red02-1.jpg\" data-elementor-open-lightbox=\"yes\" data-elementor-lightbox-slideshow=\"46987a50\" data-elementor-lightbox-title=\"red02\" data-e-action-hash=\"#elementor-action%3Aaction%3Dlightbox%26settings%3DeyJpZCI6MTI5MCwidXJsIjoiaHR0cDpcL1wvdnVja290cmFpbC5iYVwvd3AtY29udGVudFwvdXBsb2Fkc1wvMjAyMFwvMDFcL3JlZDAyLTEuanBnIiwic2xpZGVzaG93IjoiNDY5ODdhNTAifQ%3D%3D\">\n\t\t\t\t\t<div class=\"e-gallery-image elementor-gallery-item__image\" data-thumbnail=\"http:\/\/vuckotrail.ba\/wp-content\/uploads\/2020\/01\/red02-1-300x175.jpg\" data-width=\"300\" data-height=\"175\" aria-label=\"\" role=\"img\" ><\/div>\n\t\t\t\t\t\t\t\t\t\t\t<div class=\"elementor-gallery-item__overlay\"><\/div>\n\t\t\t\t\t\t\t\t\t\t\t\t\t\t<\/a>\n\t\t\t\t\t\t\t<a class=\"e-gallery-item elementor-gallery-item elementor-animated-content\" href=\"http:\/\/vuckotrail.ba\/wp-content\/uploads\/2020\/01\/red03-1.jpg\" data-elementor-open-lightbox=\"yes\" data-elementor-lightbox-slideshow=\"46987a50\" data-elementor-lightbox-title=\"red03\" data-e-action-hash=\"#elementor-action%3Aaction%3Dlightbox%26settings%3DeyJpZCI6MTI5MiwidXJsIjoiaHR0cDpcL1wvdnVja290cmFpbC5iYVwvd3AtY29udGVudFwvdXBsb2Fkc1wvMjAyMFwvMDFcL3JlZDAzLTEuanBnIiwic2xpZGVzaG93IjoiNDY5ODdhNTAifQ%3D%3D\">\n\t\t\t\t\t<div class=\"e-gallery-image elementor-gallery-item__image\" data-thumbnail=\"http:\/\/vuckotrail.ba\/wp-content\/uploads\/2020\/01\/red03-1-300x200.jpg\" data-width=\"300\" data-height=\"200\" aria-label=\"\" role=\"img\" ><\/div>\n\t\t\t\t\t\t\t\t\t\t\t<div class=\"elementor-gallery-item__overlay\"><\/div>\n\t\t\t\t\t\t\t\t\t\t\t\t\t\t<\/a>\n\t\t\t\t\t\t\t<a class=\"e-gallery-item elementor-gallery-item elementor-animated-content\" href=\"http:\/\/vuckotrail.ba\/wp-content\/uploads\/2020\/01\/red04-1.jpg\" data-elementor-open-lightbox=\"yes\" data-elementor-lightbox-slideshow=\"46987a50\" data-elementor-lightbox-title=\"red04\" data-e-action-hash=\"#elementor-action%3Aaction%3Dlightbox%26settings%3DeyJpZCI6MTI5NCwidXJsIjoiaHR0cDpcL1wvdnVja290cmFpbC5iYVwvd3AtY29udGVudFwvdXBsb2Fkc1wvMjAyMFwvMDFcL3JlZDA0LTEuanBnIiwic2xpZGVzaG93IjoiNDY5ODdhNTAifQ%3D%3D\">\n\t\t\t\t\t<div class=\"e-gallery-image elementor-gallery-item__image\" data-thumbnail=\"http:\/\/vuckotrail.ba\/wp-content\/uploads\/2020\/01\/red04-1-300x200.jpg\" data-width=\"300\" data-height=\"200\" aria-label=\"\" role=\"img\" ><\/div>\n\t\t\t\t\t\t\t\t\t\t\t<div class=\"elementor-gallery-item__overlay\"><\/div>\n\t\t\t\t\t\t\t\t\t\t\t\t\t\t<\/a>\n\t\t\t\t\t\t\t<a class=\"e-gallery-item elementor-gallery-item elementor-animated-content\" href=\"http:\/\/vuckotrail.ba\/wp-content\/uploads\/2020\/01\/red05-1.jpg\" data-elementor-open-lightbox=\"yes\" data-elementor-lightbox-slideshow=\"46987a50\" data-elementor-lightbox-title=\"red05\" data-e-action-hash=\"#elementor-action%3Aaction%3Dlightbox%26settings%3DeyJpZCI6MTI5NiwidXJsIjoiaHR0cDpcL1wvdnVja290cmFpbC5iYVwvd3AtY29udGVudFwvdXBsb2Fkc1wvMjAyMFwvMDFcL3JlZDA1LTEuanBnIiwic2xpZGVzaG93IjoiNDY5ODdhNTAifQ%3D%3D\">\n\t\t\t\t\t<div class=\"e-gallery-image elementor-gallery-item__image\" data-thumbnail=\"http:\/\/vuckotrail.ba\/wp-content\/uploads\/2020\/01\/red05-1-300x200.jpg\" data-width=\"300\" data-height=\"200\" aria-label=\"\" role=\"img\" ><\/div>\n\t\t\t\t\t\t\t\t\t\t\t<div class=\"elementor-gallery-item__overlay\"><\/div>\n\t\t\t\t\t\t\t\t\t\t\t\t\t\t<\/a>\n\t\t\t\t\t\t\t<a class=\"e-gallery-item elementor-gallery-item elementor-animated-content\" href=\"http:\/\/vuckotrail.ba\/wp-content\/uploads\/2020\/01\/red06-1.jpg\" data-elementor-open-lightbox=\"yes\" data-elementor-lightbox-slideshow=\"46987a50\" data-elementor-lightbox-title=\"red06\" data-e-action-hash=\"#elementor-action%3Aaction%3Dlightbox%26settings%3DeyJpZCI6MTI5OCwidXJsIjoiaHR0cDpcL1wvdnVja290cmFpbC5iYVwvd3AtY29udGVudFwvdXBsb2Fkc1wvMjAyMFwvMDFcL3JlZDA2LTEuanBnIiwic2xpZGVzaG93IjoiNDY5ODdhNTAifQ%3D%3D\">\n\t\t\t\t\t<div class=\"e-gallery-image elementor-gallery-item__image\" data-thumbnail=\"http:\/\/vuckotrail.ba\/wp-content\/uploads\/2020\/01\/red06-1-300x200.jpg\" data-width=\"300\" data-height=\"200\" aria-label=\"\" role=\"img\" ><\/div>\n\t\t\t\t\t\t\t\t\t\t\t<div class=\"elementor-gallery-item__overlay\"><\/div>\n\t\t\t\t\t\t\t\t\t\t\t\t\t\t<\/a>\n\t\t\t\t\t<\/div>\n\t\t\t<\/div>\n\t\t\t\t<\/div>\n\t\t\t\t<div class=\"elementor-element elementor-element-65cdb7a elementor-widget elementor-widget-image\" data-id=\"65cdb7a\" data-element_type=\"widget\" data-widget_type=\"image.default\">\n\t\t\t\t<div class=\"elementor-widget-container\">\n\t\t\t\t\t\t\t\t\t\t\t\t\t<img fetchpriority=\"high\" decoding=\"async\" width=\"1024\" height=\"282\" src=\"http:\/\/vuckotrail.ba\/wp-content\/uploads\/2024\/06\/60-2024_red-60-1024x282.webp\" class=\"attachment-large size-large wp-image-4573\" alt=\"\" srcset=\"http:\/\/vuckotrail.ba\/wp-content\/uploads\/2024\/06\/60-2024_red-60-1024x282.webp 1024w, http:\/\/vuckotrail.ba\/wp-content\/uploads\/2024\/06\/60-2024_red-60-600x166.webp 600w, http:\/\/vuckotrail.ba\/wp-content\/uploads\/2024\/06\/60-2024_red-60-300x83.webp 300w, http:\/\/vuckotrail.ba\/wp-content\/uploads\/2024\/06\/60-2024_red-60-768x212.webp 768w, http:\/\/vuckotrail.ba\/wp-content\/uploads\/2024\/06\/60-2024_red-60.webp 1200w\" sizes=\"(max-width: 1024px) 100vw, 1024px\" title=\"\">\t\t\t\t\t\t\t\t\t\t\t\t\t<\/div>\n\t\t\t\t<\/div>\n\t\t\t\t\t<\/div>\n\t\t<\/div>\n\t\t\t\t\t<\/div>\n\t\t<\/section>\n\t\t\t\t<\/div>\n\t\t","protected":false},"excerpt":{"rendered":"<p>CRVENA STAZA DU\u017dINA: 60 km ELEVACIJA: +3.700 m 3 ITRA BODA STARTNINA: Rane uplate 100KM &#8211; Standarno 130KM\u00a0 Trail na kojem se moralo dobro paziti kuda se ide, da visinska ne bi oti\u0161la preko +4000m. Drugo lice Bjela\u0161nice, stari putevi i jo\u0161 starije legende, kanjon Rakitnice i o\u0161tri greben Viso\u010dice. Sve to, za\u010dinjeno pejza\u017eima koji [&hellip;]<\/p>\n","protected":false},"author":1,"featured_media":0,"parent":0,"menu_order":0,"comment_status":"closed","ping_status":"closed","template":"","meta":{"_monsterinsights_skip_tracking":false,"_monsterinsights_sitenote_active":false,"_monsterinsights_sitenote_note":"","_monsterinsights_sitenote_category":0,"footnotes":""},"class_list":["post-1555","page","type-page","status-publish","hentry","entry","owp-thumbs-layout-horizontal","owp-btn-normal","owp-tabs-layout-horizontal","has-no-thumbnails","has-product-nav"],"_links":{"self":[{"href":"http:\/\/vuckotrail.ba\/bs\/wp-json\/wp\/v2\/pages\/1555","targetHints":{"allow":["GET"]}}],"collection":[{"href":"http:\/\/vuckotrail.ba\/bs\/wp-json\/wp\/v2\/pages"}],"about":[{"href":"http:\/\/vuckotrail.ba\/bs\/wp-json\/wp\/v2\/types\/page"}],"author":[{"embeddable":true,"href":"http:\/\/vuckotrail.ba\/bs\/wp-json\/wp\/v2\/users\/1"}],"replies":[{"embeddable":true,"href":"http:\/\/vuckotrail.ba\/bs\/wp-json\/wp\/v2\/comments?post=1555"}],"version-history":[{"count":132,"href":"http:\/\/vuckotrail.ba\/bs\/wp-json\/wp\/v2\/pages\/1555\/revisions"}],"predecessor-version":[{"id":5919,"href":"http:\/\/vuckotrail.ba\/bs\/wp-json\/wp\/v2\/pages\/1555\/revisions\/5919"}],"wp:attachment":[{"href":"http:\/\/vuckotrail.ba\/bs\/wp-json\/wp\/v2\/media?parent=1555"}],"curies":[{"name":"wp","href":"https:\/\/api.w.org\/{rel}","templated":true}]}}